{"id":1032,"date":"2024-10-20T16:37:03","date_gmt":"2024-10-20T14:37:03","guid":{"rendered":"https:\/\/jotay-travel.com\/?page_id=1032"},"modified":"2024-10-20T16:47:14","modified_gmt":"2024-10-20T14:47:14","slug":"mentions-legales","status":"publish","type":"page","link":"https:\/\/jotay-travel.com\/?page_id=1032","title":{"rendered":"Mentions l\u00e9gales"},"content":{"rendered":"<style>.elementor-1032 .elementor-element.elementor-element-79ddc98f{--display:flex;--flex-direction:column;--container-widget-width:100%;--container-widget-height:initial;--container-widget-flex-grow:0;--container-widget-align-self:initial;--flex-wrap-mobile:wrap;--padding-top:0px;--padding-bottom:0px;--padding-left:0px;--padding-right:0px;}.elementor-1032 .elementor-element.elementor-element-40a5305e{--spacer-size:20px;}.elementor-1032 .elementor-element.elementor-element-36bec98e{--display:flex;--flex-direction:column;--container-widget-width:100%;--container-widget-height:initial;--container-widget-flex-grow:0;--container-widget-align-self:initial;--flex-wrap-mobile:wrap;--gap:0px 0px;--row-gap:0px;--column-gap:0px;--overlay-opacity:0.25;--border-radius:15px 15px 15px 15px;--padding-top:0px;--padding-bottom:0px;--padding-left:0px;--padding-right:0px;}.elementor-1032 .elementor-element.elementor-element-36bec98e::before, .elementor-1032 .elementor-element.elementor-element-36bec98e > .elementor-background-video-container::before, .elementor-1032 .elementor-element.elementor-element-36bec98e > .e-con-inner > .elementor-background-video-container::before, .elementor-1032 .elementor-element.elementor-element-36bec98e > .elementor-background-slideshow::before, .elementor-1032 .elementor-element.elementor-element-36bec98e > .e-con-inner > .elementor-background-slideshow::before, .elementor-1032 .elementor-element.elementor-element-36bec98e > .elementor-motion-effects-container > .elementor-motion-effects-layer::before{--background-overlay:'';background-image:url(\"https:\/\/jotay-travel.com\/wp-content\/plugins\/elementor\/assets\/images\/placeholder.png\");background-position:center center;background-repeat:no-repeat;background-size:cover;}.elementor-1032 .elementor-element.elementor-element-5acef78e{--display:flex;--min-height:50vh;--flex-direction:row;--container-widget-width:initial;--container-widget-height:100%;--container-widget-flex-grow:1;--container-widget-align-self:stretch;--flex-wrap-mobile:wrap;--overlay-opacity:0.82;--border-radius:15px 15px 0px 0px;--padding-top:0px;--padding-bottom:0px;--padding-left:0px;--padding-right:0px;}.elementor-1032 .elementor-element.elementor-element-5acef78e:not(.elementor-motion-effects-element-type-background), .elementor-1032 .elementor-element.elementor-element-5acef78e > .elementor-motion-effects-container > .elementor-motion-effects-layer{background-color:#02010100;background-image:url(\"https:\/\/jotay-travel.com\/wp-content\/uploads\/2024\/10\/madagascar2.jpg\");background-position:center center;background-repeat:no-repeat;background-size:cover;}.elementor-1032 .elementor-element.elementor-element-5acef78e::before, .elementor-1032 .elementor-element.elementor-element-5acef78e > .elementor-background-video-container::before, .elementor-1032 .elementor-element.elementor-element-5acef78e > .e-con-inner > .elementor-background-video-container::before, .elementor-1032 .elementor-element.elementor-element-5acef78e > .elementor-background-slideshow::before, .elementor-1032 .elementor-element.elementor-element-5acef78e > .e-con-inner > .elementor-background-slideshow::before, .elementor-1032 .elementor-element.elementor-element-5acef78e > .elementor-motion-effects-container > .elementor-motion-effects-layer::before{--background-overlay:'';background-color:transparent;background-image:linear-gradient(90deg, var( --e-global-color-secondary ) 0%, #FFFFFF00 78%);}.elementor-1032 .elementor-element.elementor-element-43f3b545{--display:flex;--justify-content:center;--gap:0px 0px;--row-gap:0px;--column-gap:0px;}.elementor-1032 .elementor-element.elementor-element-313ff1f3{text-align:center;}.elementor-1032 .elementor-element.elementor-element-313ff1f3 .elementor-heading-title{font-family:var( --e-global-typography-primary-font-family ), Sans-serif;font-size:var( --e-global-typography-primary-font-size );font-weight:var( --e-global-typography-primary-font-weight );text-transform:var( --e-global-typography-primary-text-transform );line-height:var( --e-global-typography-primary-line-height );letter-spacing:var( --e-global-typography-primary-letter-spacing );color:var( --e-global-color-a567df4 );}.elementor-1032 .elementor-element.elementor-element-af249db{--display:flex;--flex-direction:column;--container-widget-width:100%;--container-widget-height:initial;--container-widget-flex-grow:0;--container-widget-align-self:initial;--flex-wrap-mobile:wrap;--margin-top:29px;--margin-bottom:0px;--margin-left:0px;--margin-right:0px;}.elementor-1032 .elementor-element.elementor-element-9886738 .elementor-heading-title{font-family:var( --e-global-typography-secondary-font-family ), Sans-serif;font-size:var( --e-global-typography-secondary-font-size );font-weight:var( --e-global-typography-secondary-font-weight );text-transform:var( --e-global-typography-secondary-text-transform );line-height:var( --e-global-typography-secondary-line-height );letter-spacing:var( --e-global-typography-secondary-letter-spacing );color:var( --e-global-color-primary );}.elementor-1032 .elementor-element.elementor-element-3168bcd{font-family:var( --e-global-typography-text-font-family ), Sans-serif;font-size:var( --e-global-typography-text-font-size );font-weight:var( --e-global-typography-text-font-weight );text-transform:var( --e-global-typography-text-text-transform );line-height:var( --e-global-typography-text-line-height );letter-spacing:var( --e-global-typography-text-letter-spacing );word-spacing:var( --e-global-typography-text-word-spacing );color:#000000;}.elementor-1032 .elementor-element.elementor-element-3168bcd > .elementor-widget-container{margin:-34px 0px 0px 0px;padding:0px 0px 0px 0px;}:root{--page-title-display:none;}@media(min-width:768px){.elementor-1032 .elementor-element.elementor-element-36bec98e{--width:85%;}.elementor-1032 .elementor-element.elementor-element-5acef78e{--content-width:1250px;}.elementor-1032 .elementor-element.elementor-element-43f3b545{--width:100%;}.elementor-1032 .elementor-element.elementor-element-af249db{--content-width:1267px;}}@media(max-width:1366px) and (min-width:768px){.elementor-1032 .elementor-element.elementor-element-36bec98e{--width:95%;}}@media(max-width:1024px) and (min-width:768px){.elementor-1032 .elementor-element.elementor-element-43f3b545{--width:100%;}}@media(max-width:1366px){.elementor-1032 .elementor-element.elementor-element-40a5305e{--spacer-size:10px;}.elementor-1032 .elementor-element.elementor-element-36bec98e{--border-radius:15px 15px 0px 0px;}.elementor-1032 .elementor-element.elementor-element-5acef78e{--min-height:35vh;--border-radius:10px 10px 0px 0px;}.elementor-1032 .elementor-element.elementor-element-313ff1f3 .elementor-heading-title{font-size:var( --e-global-typography-primary-font-size );line-height:var( --e-global-typography-primary-line-height );letter-spacing:var( --e-global-typography-primary-letter-spacing );}.elementor-1032 .elementor-element.elementor-element-313ff1f3 > .elementor-widget-container{margin:0px 0px 0px 40px;}.elementor-1032 .elementor-element.elementor-element-9886738 .elementor-heading-title{font-size:var( --e-global-typography-secondary-font-size );line-height:var( --e-global-typography-secondary-line-height );letter-spacing:var( --e-global-typography-secondary-letter-spacing );}.elementor-1032 .elementor-element.elementor-element-3168bcd{font-size:var( --e-global-typography-text-font-size );line-height:var( --e-global-typography-text-line-height );letter-spacing:var( --e-global-typography-text-letter-spacing );word-spacing:var( --e-global-typography-text-word-spacing );}}@media(max-width:1024px){.elementor-1032 .elementor-element.elementor-element-40a5305e{--spacer-size:10px;}.elementor-1032 .elementor-element.elementor-element-5acef78e{--min-height:30vh;}.elementor-1032 .elementor-element.elementor-element-43f3b545{--margin-top:0px;--margin-bottom:0px;--margin-left:35px;--margin-right:0px;}.elementor-1032 .elementor-element.elementor-element-313ff1f3 .elementor-heading-title{font-size:var( --e-global-typography-primary-font-size );line-height:var( --e-global-typography-primary-line-height );letter-spacing:var( --e-global-typography-primary-letter-spacing );}.elementor-1032 .elementor-element.elementor-element-313ff1f3 > .elementor-widget-container{margin:0px 0px 0px 0px;}.elementor-1032 .elementor-element.elementor-element-9886738 .elementor-heading-title{font-size:var( --e-global-typography-secondary-font-size );line-height:var( --e-global-typography-secondary-line-height );letter-spacing:var( --e-global-typography-secondary-letter-spacing );}.elementor-1032 .elementor-element.elementor-element-3168bcd{font-size:var( --e-global-typography-text-font-size );line-height:var( --e-global-typography-text-line-height );letter-spacing:var( --e-global-typography-text-letter-spacing );word-spacing:var( --e-global-typography-text-word-spacing );}}@media(max-width:767px){.elementor-1032 .elementor-element.elementor-element-40a5305e{--spacer-size:10px;}.elementor-1032 .elementor-element.elementor-element-36bec98e{--width:90%;}.elementor-1032 .elementor-element.elementor-element-5acef78e{--min-height:45vh;--border-radius:10px 10px 10px 10px;}.elementor-1032 .elementor-element.elementor-element-5acef78e:not(.elementor-motion-effects-element-type-background), .elementor-1032 .elementor-element.elementor-element-5acef78e > .elementor-motion-effects-container > .elementor-motion-effects-layer{background-position:center center;}.elementor-1032 .elementor-element.elementor-element-5acef78e::before, .elementor-1032 .elementor-element.elementor-element-5acef78e > .elementor-background-video-container::before, .elementor-1032 .elementor-element.elementor-element-5acef78e > .e-con-inner > .elementor-background-video-container::before, .elementor-1032 .elementor-element.elementor-element-5acef78e > .elementor-background-slideshow::before, .elementor-1032 .elementor-element.elementor-element-5acef78e > .e-con-inner > .elementor-background-slideshow::before, .elementor-1032 .elementor-element.elementor-element-5acef78e > .elementor-motion-effects-container > .elementor-motion-effects-layer::before{background-color:transparent;background-image:linear-gradient(180deg, var( --e-global-color-secondary ) 0%, #FFFFFF00 78%);}.elementor-1032 .elementor-element.elementor-element-43f3b545{--margin-top:0px;--margin-bottom:0px;--margin-left:0px;--margin-right:0px;}.elementor-1032 .elementor-element.elementor-element-313ff1f3{text-align:center;}.elementor-1032 .elementor-element.elementor-element-313ff1f3 .elementor-heading-title{font-size:var( --e-global-typography-primary-font-size );line-height:var( --e-global-typography-primary-line-height );letter-spacing:var( --e-global-typography-primary-letter-spacing );}.elementor-1032 .elementor-element.elementor-element-9886738 .elementor-heading-title{font-size:var( --e-global-typography-secondary-font-size );line-height:var( --e-global-typography-secondary-line-height );letter-spacing:var( --e-global-typography-secondary-letter-spacing );}.elementor-1032 .elementor-element.elementor-element-3168bcd{font-size:var( --e-global-typography-text-font-size );line-height:var( --e-global-typography-text-line-height );letter-spacing:var( --e-global-typography-text-letter-spacing );word-spacing:var( --e-global-typography-text-word-spacing );}}<\/style>\t\t<div data-elementor-type=\"wp-page\" data-elementor-id=\"1032\" class=\"elementor elementor-1032\">\n\t\t\t\t<div class=\"elementor-element elementor-element-79ddc98f e-flex e-con-boxed e-con e-parent\" data-id=\"79ddc98f\" data-element_type=\"container\" data-e-type=\"container\">\n\t\t\t\t\t<div class=\"e-con-inner\">\n\t\t\t\t<div class=\"elementor-element elementor-element-40a5305e elementor-widget elementor-widget-spacer\" data-id=\"40a5305e\" data-element_type=\"widget\" data-e-type=\"widget\" data-widget_type=\"spacer.default\">\n\t\t\t\t<div class=\"elementor-widget-container\">\n\t\t\t\t\t\t\t<div class=\"elementor-spacer\">\n\t\t\t<div class=\"elementor-spacer-inner\"><\/div>\n\t\t<\/div>\n\t\t\t\t\t\t<\/div>\n\t\t\t\t<\/div>\n\t\t\t\t\t<\/div>\n\t\t\t\t<\/div>\n\t\t<div class=\"elementor-element elementor-element-36bec98e e-con-full e-flex e-con e-parent\" data-id=\"36bec98e\" data-element_type=\"container\" data-e-type=\"container\">\n\t\t<div class=\"elementor-element elementor-element-5acef78e e-flex e-con-boxed e-con e-child\" data-id=\"5acef78e\" data-element_type=\"container\" data-e-type=\"container\" data-settings=\"{&quot;background_background&quot;:&quot;classic&quot;}\">\n\t\t\t\t\t<div class=\"e-con-inner\">\n\t\t<div class=\"elementor-element elementor-element-43f3b545 e-con-full e-flex e-con e-child\" data-id=\"43f3b545\" data-element_type=\"container\" data-e-type=\"container\">\n\t\t\t\t<div class=\"elementor-element elementor-element-313ff1f3 elementor-widget elementor-widget-heading\" data-id=\"313ff1f3\" data-element_type=\"widget\" data-e-type=\"widget\" data-widget_type=\"heading.default\">\n\t\t\t\t<div class=\"elementor-widget-container\">\n\t\t\t\t\t<h2 class=\"elementor-heading-title elementor-size-default\">Mentions l\u00e9gales<\/h2>\t\t\t\t<\/div>\n\t\t\t\t<\/div>\n\t\t\t\t<\/div>\n\t\t\t\t\t<\/div>\n\t\t\t\t<\/div>\n\t\t\t\t<\/div>\n\t\t<div class=\"elementor-element elementor-element-af249db e-flex e-con-boxed e-con e-parent\" data-id=\"af249db\" data-element_type=\"container\" data-e-type=\"container\">\n\t\t\t\t\t<div class=\"e-con-inner\">\n\t\t\t\t<div class=\"elementor-element elementor-element-9886738 elementor-widget elementor-widget-heading\" data-id=\"9886738\" data-element_type=\"widget\" data-e-type=\"widget\" data-widget_type=\"heading.default\">\n\t\t\t\t<div class=\"elementor-widget-container\">\n\t\t\t\t\t<h2 class=\"elementor-heading-title elementor-size-default\">Mentions l\u00e9gales<\/h2>\t\t\t\t<\/div>\n\t\t\t\t<\/div>\n\t\t\t\t<div class=\"elementor-element elementor-element-3168bcd elementor-widget elementor-widget-text-editor\" data-id=\"3168bcd\" data-element_type=\"widget\" data-e-type=\"widget\" data-widget_type=\"text-editor.default\">\n\t\t\t\t<div class=\"elementor-widget-container\">\n\t\t\t\t\t\t\t\t\t<div class=\"container layout-container margin-top margin-bottom\"><div class=\"page-single\"><p>\u00a0<\/p><p>JOTAY Travel, une SASU au capital de 7.500 euros, immatricul\u00e9e au Registre du Commerce et des Soci\u00e9t\u00e9s de Paris sous le num\u00e9ro 922 332 861. JOTAY TRAVELest une agence de voyages immatricul\u00e9e au Registre des Op\u00e9rateurs de Voyages et de S\u00e9jours d\u2019Atout France, sous le num\u00e9ro IM075230041. La garantie financi\u00e8re est apport\u00e9e par l\u2019APST, 15 Avenue Carnot, 75017 Paris, France. Assurance Responsabilit\u00e9 Civile Professionnelle aupr\u00e8s de HISCOX sous le contrat n\u00b0 HSXIN320037425A.<\/p><p>Le si\u00e8ge social de JOTAY TRAVEL se trouve 1 rue de Stockholm 75008 Paris. T\u00e9l\u00e9phone : 07 69 4165 40. Email : contact@jotaytravel.com.<\/p><p>H\u00e9bergeur : OVH \u2013 2 rue kellermann BP 80157 59053 ROUBAIX CEDEX 1 \u2013 France<\/p><p><b>Conditions d\u2019utilisation :<\/b><\/p><p>Ce site (https:\/\/www.jotay-travel.com\/) est propos\u00e9 en diff\u00e9rents langages web (HTML, HTML5, Javascript, CSS, etc\u2026) pour un meilleur confort d\u2019utilisation et un graphisme plus agr\u00e9able, nous vous recommandons de recourir \u00e0 des navigateurs modernes comme Safari, Firefox, Google Chrome, etc\u2026<\/p><p>JOTAY TRAVEL met en \u0153uvre tous les moyens dont elle dispose, pour assurer une information fiable et une mise \u00e0 jour fiable de son site internet. Toutefois, des erreurs ou omissions peuvent survenir. L\u2019internaute devra donc s\u2019assurer de l\u2019exactitude des informations, et signaler toutes modifications du site qu\u2019il jugerait utile. JOTAY TRAVEL n\u2019est en aucun cas responsable de l\u2019utilisation faite de ces informations, et de tout pr\u00e9judice direct ou indirect pouvant en d\u00e9couler.<\/p><p><b>Cookies<\/b>\u00a0: Le site https:\/\/www.jotay-travel.com\/ peut-\u00eatre amen\u00e9 \u00e0 vous demander l\u2019acceptation des cookies pour des besoins de statistiques et d\u2019affichage. Les cookies sont des fichiers texte contenant de petites quantit\u00e9s d\u2019informations qui sont t\u00e9l\u00e9charg\u00e9es sur votre ordinateur ou appareil mobile lorsque vous visitez une page web donn\u00e9e. Les cookies sont ensuite renvoy\u00e9s \u00e0 la page web d\u2019origine \u00e0 chaque visite subs\u00e9quente ou \u00e0 une autre page web qui reconna\u00eet ce cookie. Les cookies sont largement utilis\u00e9s pour faire fonctionner notre site web, ou pour travailler plus efficacement, ainsi que pour fournir des informations aux propri\u00e9taires du site web. Certaines parties de ce site ne peuvent \u00eatre fonctionnelles sans l\u2019acceptation de cookies.<\/p><p><b>Liens hypertextes :<\/b>\u00a0Les site internet https:\/\/www.jotay-travel.com\/ peut offrir des liens vers d\u2019autres sites internet ou d\u2019autres ressources disponibles sur Internet. JOTAY TRAVEL ne dispose d\u2019aucun moyen pour contr\u00f4ler les sites en connexion avec ses sites internet. JOTAY TRAVEL ne r\u00e9pond pas de la disponibilit\u00e9 de tels sites et sources externes, ni ne la garantit. Elle ne peut \u00eatre tenue pour responsable de tout dommage, de quelque nature que ce soit, r\u00e9sultant du contenu de ces sites ou sources externes, et notamment des informations, produits ou services qu\u2019ils proposent, ou de tout usage qui peut \u00eatre fait de ces \u00e9l\u00e9ments. Les risques li\u00e9s \u00e0 cette utilisation incombent pleinement \u00e0 l\u2019internaute, qui doit se conformer \u00e0 leurs conditions d\u2019utilisation.<\/p><p>JOTAY TRAVEL se r\u00e9serve le droit d\u2019exiger \u00e0 tout moment le retrait d\u2019un lien hypertexte pointant sur son site. JOTAY TRAVEL se r\u00e9serve le droit d\u2019accepter ou de refuser un hyperlien sans avoir \u00e0 en justifier sa d\u00e9cision.<\/p><p><b>Services fournis :<\/b><\/p><p>L\u2019ensemble des activit\u00e9s de la soci\u00e9t\u00e9 ainsi que ses informations sont pr\u00e9sent\u00e9s sur notre site https:\/\/www.jotay-travel.com\/<\/p><p>JOTAY TRAVEL s\u2019efforce de fournir sur le site https:\/\/www.JOTAY-travel.com\/ des informations aussi pr\u00e9cises que possible. Les renseignements figurant sur le site https:\/\/www.jotay-travel.com\/ ne sont pas exhaustifs et les photos non contractuelles. Ils sont donn\u00e9s sous r\u00e9serve de modifications ayant \u00e9t\u00e9 apport\u00e9es depuis leur mise en ligne. Par ailleurs, toutes les informations indiqu\u00e9es sur le site https:\/\/www.jotay-travel.com\/<b>\u00a0<\/b>sont donn\u00e9es \u00e0 titre indicatif, et sont susceptibles de changer ou d\u2019\u00e9voluer sans pr\u00e9avis.<\/p><p><b>Limitation contractuelle sur les donn\u00e9es :<\/b><\/p><p>Les informations contenues sur ce site sont aussi pr\u00e9cises que possible et le site remis \u00e0 jour \u00e0 diff\u00e9rentes p\u00e9riodes de l\u2019ann\u00e9e, mais peut toutefois contenir des inexactitudes ou des omissions. Si vous constatez une lacune, erreur ou ce qui parait \u00eatre un dysfonctionnement, merci de bien vouloir le signaler par email, \u00e0 l\u2019adresse contact@jotaytravel.com, en d\u00e9crivant le probl\u00e8me de la mani\u00e8re la plus pr\u00e9cise possible (page posant probl\u00e8me, type d\u2019ordinateur et de navigateur utilis\u00e9, etc\u2026).<\/p><p>Tout contenu t\u00e9l\u00e9charg\u00e9 se fait aux risques et p\u00e9rils de l\u2019utilisateur et sous sa seule responsabilit\u00e9. En cons\u00e9quence, ne saurait \u00eatre tenu responsable d\u2019un quelconque dommage subi par l\u2019ordinateur de l\u2019utilisateur ou d\u2019une quelconque perte de donn\u00e9es cons\u00e9cutives au t\u00e9l\u00e9chargement.\u00a0De plus, l\u2019utilisateur du site s\u2019engage \u00e0 acc\u00e9der au site en utilisant un mat\u00e9riel r\u00e9cent, ne contenant pas de virus et avec un navigateur de derni\u00e8re g\u00e9n\u00e9ration mis-\u00e0-jour<\/p><p>Les liens hypertextes mis en place dans le cadre du pr\u00e9sent site internet en direction d\u2019autres ressources pr\u00e9sentes sur le r\u00e9seau Internet ne sauraient engager la responsabilit\u00e9 de JOTAY TRAVEL.<\/p><p><b>Propri\u00e9t\u00e9 intellectuelle :<\/b><\/p><p>Tout le contenu du pr\u00e9sent sur le site https:\/\/www.jotay-travel.com\/ incluant, de fa\u00e7on non limitative, les graphismes, images, textes, vid\u00e9os, animations, sons, logos, gifs et ic\u00f4nes ainsi que leur mise en forme sont la propri\u00e9t\u00e9 exclusive de la soci\u00e9t\u00e9 \u00e0 l\u2019exception des marques, logos ou contenus appartenant \u00e0 d\u2019autres soci\u00e9t\u00e9s partenaires ou auteurs.<\/p><p>Toute reproduction, distribution, modification, adaptation, retransmission ou publication, m\u00eame partielle, de ces diff\u00e9rents \u00e9l\u00e9ments est strictement interdite sans l\u2019accord expr\u00e8s par \u00e9crit de JOTAY TRAVEL. Cette repr\u00e9sentation ou reproduction, par quelque proc\u00e9d\u00e9 que ce soit, constitue une contrefa\u00e7on sanctionn\u00e9e par les articles L.335-2 et suivants du Code de la propri\u00e9t\u00e9 intellectuelle. Le non-respect de cette interdiction constitue une contrefa\u00e7on pouvant engager la responsabilit\u00e9 civile et p\u00e9nale du contrefacteur. En outre, les propri\u00e9taires des contenus copi\u00e9s pourraient intenter une action en justice \u00e0 votre encontre.<\/p><p><b>D\u00e9claration \u00e0 la CNIL :<\/b><\/p><p>Conform\u00e9ment \u00e0 la loi 78-17 du 6 janvier 1978 (modifi\u00e9e par la loi 2004-801 du 6 ao\u00fbt 2004 relative \u00e0 la protection des personnes physiques \u00e0 l\u2019\u00e9gard des traitements de donn\u00e9es \u00e0 caract\u00e8re personnel) relative \u00e0 l\u2019informatique, aux fichiers et aux libert\u00e9s, ce site n\u2019a pas fait l\u2019objet d\u2019une d\u00e9claration aupr\u00e8s de la Commission nationale de l\u2019informatique et des libert\u00e9s (<a href=\"http:\/\/www.cnil.fr\/\">www.cnil.fr<\/a>).<\/p><p><b>Litiges :<\/b><\/p><p>Les pr\u00e9sentes conditions du site https:\/\/www.jotay-travel.com\/ sont r\u00e9gies par les lois fran\u00e7aises et toute contestation ou litiges qui pourraient na\u00eetre de l\u2019interpr\u00e9tation ou de l\u2019ex\u00e9cution de celles-ci seront de la comp\u00e9tence exclusive des tribunaux dont d\u00e9pend le si\u00e8ge social de la soci\u00e9t\u00e9. La langue de r\u00e9f\u00e9rence, pour le r\u00e8glement de contentieux \u00e9ventuels, est le fran\u00e7ais.<\/p><p><b>Donn\u00e9es personnelles :<\/b><\/p><p>De mani\u00e8re g\u00e9n\u00e9rale, vous n\u2019\u00eates pas tenu de nous communiquer vos donn\u00e9es personnelles lorsque vous visitez notre site Internet https:\/\/www.jotay-travel.com\/.<\/p><p>Cependant, ce principe comporte certaines exceptions. En effet, pour certains services propos\u00e9s par notre site, vous pouvez \u00eatre amen\u00e9s \u00e0 nous communiquer certaines donn\u00e9es telles que : votre nom, votre adresse \u00e9lectronique, votre num\u00e9ro de t\u00e9l\u00e9phone et votre date de naissance. Tel est le cas lorsque vous remplissez le formulaire qui vous est propos\u00e9 en ligne, dans la rubrique \u00ab contact \u00bb, ou \u00ab events \u00bb. Dans tous les cas, vous pouvez refuser de fournir vos donn\u00e9es personnelles. Dans ce cas, vous ne pourrez pas utiliser les services du site, notamment celui de solliciter des renseignements sur notre soci\u00e9t\u00e9, ou de recevoir les programmes des s\u00e9jours respectifs.<\/p><p>Enfin, nous pouvons collecter de mani\u00e8re automatique certaines informations vous concernant lors d\u2019une simple navigation sur notre site Internet, notamment : des informations concernant l\u2019utilisation de notre site, comme les zones que vous visitez et les services auxquels vous acc\u00e9dez, votre adresse IP, le type de votre navigateur, vos temps d\u2019acc\u00e8s. De telles informations sont utilis\u00e9es exclusivement \u00e0 des fins de statistiques internes, de mani\u00e8re \u00e0 am\u00e9liorer la qualit\u00e9 des services qui vous sont propos\u00e9s. Les bases de donn\u00e9es sont prot\u00e9g\u00e9es par les dispositions de la loi du 1er juillet 1998 transposant la directive 96\/9 du 11 mars 1996 relative \u00e0 la protection juridique des bases de donn\u00e9es.<\/p><\/div><\/div><footer class=\"footer\"><div class=\"container\"><div class=\"row margin-top margin-bottom footer__widgets-areas\"><div class=\"col-md-3 footer__widgets-area footer__widgets-area--2\"><div id=\"text-5\" class=\"widget block-after-indent widget_text\">\u00a0<\/div><\/div><\/div><\/div><\/footer>\t\t\t\t\t\t\t\t<\/div>\n\t\t\t\t<\/div>\n\t\t\t\t\t<\/div>\n\t\t\t\t<\/div>\n\t\t\t\t<\/div>\n\t\t","protected":false},"excerpt":{"rendered":"<p>Mentions l\u00e9gales Mentions l\u00e9gales \u00a0 JOTAY Travel, une SASU au capital de 7.500 euros, immatricul\u00e9e au Registre du Commerce et des Soci\u00e9t\u00e9s de Paris sous le num\u00e9ro 922 332 861. JOTAY TRAVELest une agence de voyages immatricul\u00e9e au Registre des Op\u00e9rateurs de Voyages et de S\u00e9jours d\u2019Atout France, sous le num\u00e9ro IM075230041. La garantie financi\u00e8re [&hellip;]<\/p>\n","protected":false},"author":1,"featured_media":0,"parent":0,"menu_order":0,"comment_status":"closed","ping_status":"closed","template":"elementor_header_footer","meta":{"footnotes":""},"class_list":["post-1032","page","type-page","status-publish","hentry"],"_links":{"self":[{"href":"https:\/\/jotay-travel.com\/index.php?rest_route=\/wp\/v2\/pages\/1032","targetHints":{"allow":["GET"]}}],"collection":[{"href":"https:\/\/jotay-travel.com\/index.php?rest_route=\/wp\/v2\/pages"}],"about":[{"href":"https:\/\/jotay-travel.com\/index.php?rest_route=\/wp\/v2\/types\/page"}],"author":[{"embeddable":true,"href":"https:\/\/jotay-travel.com\/index.php?rest_route=\/wp\/v2\/users\/1"}],"replies":[{"embeddable":true,"href":"https:\/\/jotay-travel.com\/index.php?rest_route=%2Fwp%2Fv2%2Fcomments&post=1032"}],"version-history":[{"count":0,"href":"https:\/\/jotay-travel.com\/index.php?rest_route=\/wp\/v2\/pages\/1032\/revisions"}],"wp:attachment":[{"href":"https:\/\/jotay-travel.com\/index.php?rest_route=%2Fwp%2Fv2%2Fmedia&parent=1032"}],"curies":[{"name":"wp","href":"https:\/\/api.w.org\/{rel}","templated":true}]}}